{"id":81,"date":"2024-03-08T09:28:24","date_gmt":"2024-03-08T08:28:24","guid":{"rendered":"https:\/\/verbamagica.com\/index.php\/about\/"},"modified":"2024-03-08T23:45:06","modified_gmt":"2024-03-08T22:45:06","slug":"about","status":"publish","type":"page","link":"https:\/\/verbamagica.com\/index.php\/about\/","title":{"rendered":"About"},"content":{"rendered":"\t\t<div data-elementor-type=\"wp-page\" data-elementor-id=\"81\" class=\"elementor elementor-81\" data-elementor-post-type=\"page\">\n\t\t\t\t\t\t<section class=\"elementor-section elementor-top-section elementor-element elementor-element-13631c1c elementor-section-content-middle elementor-section-boxed elementor-section-height-default elementor-section-height-default\" data-id=\"13631c1c\" data-element_type=\"section\" data-e-type=\"section\">\n\t\t\t\t\t\t<div class=\"elementor-container elementor-column-gap-wider\">\n\t\t\t\t\t<div class=\"elementor-column elementor-col-50 elementor-top-column elementor-element elementor-element-5d05281b\" data-id=\"5d05281b\" data-element_type=\"column\" data-e-type=\"column\">\n\t\t\t<div class=\"elementor-widget-wrap elementor-element-populated\">\n\t\t\t\t\t\t<div class=\"elementor-element elementor-element-6eb4e30a elementor-widget elementor-widget-heading\" data-id=\"6eb4e30a\" data-element_type=\"widget\" data-e-type=\"widget\" data-widget_type=\"heading.default\">\n\t\t\t\t<div class=\"elementor-widget-container\">\n\t\t\t\t\t<h2 class=\"elementor-heading-title elementor-size-default\">Cos'\u00e8 Verba Magica<\/h2>\t\t\t\t<\/div>\n\t\t\t\t<\/div>\n\t\t\t\t<div class=\"elementor-element elementor-element-1300ace6 elementor-widget elementor-widget-text-editor\" data-id=\"1300ace6\" data-element_type=\"widget\" data-e-type=\"widget\" data-widget_type=\"text-editor.default\">\n\t\t\t\t<div class=\"elementor-widget-container\">\n\t\t\t\t\t\t\t\t\t<p>Nel cuore pulsante di &#8220;Verba Magica&#8221;, giace un concetto semplice ma profondamente potente: le parole hanno magia.<\/p><p>Il nome stesso, &#8220;Verba Magica&#8221;, \u00e8 un omaggio alla forza incantata della scrittura, traducendosi letteralmente dal latino in &#8220;Parole Magiche&#8221;.<\/p><p>Qui, crediamo fermamente che attraverso la scrittura, possiamo non solo esprimere ci\u00f2 che \u00e8 nascosto nei recessi pi\u00f9 intimi della nostra anima, ma anche sbloccare un potenziale creativo che giace dormiente, aspettando di essere risvegliato.<\/p><p>\u00a0<\/p><p>Il nostro approccio \u00e8 unico e deliberatamente fuori dagli schemi, con l&#8217;obiettivo di rendere l&#8217;apprendimento della scrittura non solo istruttivo ma anche incredibilmente divertente.<\/p>\t\t\t\t\t\t\t\t<\/div>\n\t\t\t\t<\/div>\n\t\t\t\t\t<\/div>\n\t\t<\/div>\n\t\t\t\t<div class=\"elementor-column elementor-col-50 elementor-top-column elementor-element elementor-element-72eb8c42 elementor-hidden-mobile\" data-id=\"72eb8c42\" data-element_type=\"column\" data-e-type=\"column\">\n\t\t\t<div class=\"elementor-widget-wrap elementor-element-populated\">\n\t\t\t\t\t\t<div class=\"elementor-element elementor-element-20990c66 elementor-widget elementor-widget-image\" data-id=\"20990c66\" data-element_type=\"widget\" data-e-type=\"widget\" data-widget_type=\"image.default\">\n\t\t\t\t<div class=\"elementor-widget-container\">\n\t\t\t\t\t\t\t\t\t\t\t\t\t\t\t<img fetchpriority=\"high\" decoding=\"async\" width=\"800\" height=\"800\" src=\"https:\/\/verbamagica.com\/wp-content\/uploads\/2024\/03\/ce7536fb-4140-4d89-a402-a8947175e810.jpeg\" class=\"attachment-large size-large wp-image-134\" alt=\"\" srcset=\"https:\/\/verbamagica.com\/wp-content\/uploads\/2024\/03\/ce7536fb-4140-4d89-a402-a8947175e810.jpeg 1024w, https:\/\/verbamagica.com\/wp-content\/uploads\/2024\/03\/ce7536fb-4140-4d89-a402-a8947175e810-300x300.jpeg 300w, https:\/\/verbamagica.com\/wp-content\/uploads\/2024\/03\/ce7536fb-4140-4d89-a402-a8947175e810-150x150.jpeg 150w, https:\/\/verbamagica.com\/wp-content\/uploads\/2024\/03\/ce7536fb-4140-4d89-a402-a8947175e810-768x768.jpeg 768w\" sizes=\"(max-width: 800px) 100vw, 800px\" \/>\t\t\t\t\t\t\t\t\t\t\t\t\t\t\t<\/div>\n\t\t\t\t<\/div>\n\t\t\t\t\t<\/div>\n\t\t<\/div>\n\t\t\t\t\t<\/div>\n\t\t<\/section>\n\t\t\t\t<section class=\"elementor-section elementor-top-section elementor-element elementor-element-73ba129d elementor-section-content-middle elementor-section-boxed elementor-section-height-default elementor-section-height-default\" data-id=\"73ba129d\" data-element_type=\"section\" data-e-type=\"section\" data-settings=\"{&quot;background_background&quot;:&quot;classic&quot;}\">\n\t\t\t\t\t\t<div class=\"elementor-container elementor-column-gap-wider\">\n\t\t\t\t\t<div class=\"elementor-column elementor-col-50 elementor-top-column elementor-element elementor-element-5a14d027\" data-id=\"5a14d027\" data-element_type=\"column\" data-e-type=\"column\">\n\t\t\t<div class=\"elementor-widget-wrap elementor-element-populated\">\n\t\t\t\t\t\t<div class=\"elementor-element elementor-element-780597d4 elementor-widget elementor-widget-image\" data-id=\"780597d4\" data-element_type=\"widget\" data-e-type=\"widget\" data-widget_type=\"image.default\">\n\t\t\t\t<div class=\"elementor-widget-container\">\n\t\t\t\t\t\t\t\t\t\t\t\t\t\t\t<img decoding=\"async\" width=\"600\" height=\"338\" src=\"https:\/\/verbamagica.com\/wp-content\/uploads\/2024\/03\/Immagine-esempio-.-About.jpg\" class=\"attachment-large size-large wp-image-37\" alt=\"\" srcset=\"https:\/\/verbamagica.com\/wp-content\/uploads\/2024\/03\/Immagine-esempio-.-About.jpg 600w, https:\/\/verbamagica.com\/wp-content\/uploads\/2024\/03\/Immagine-esempio-.-About-300x169.jpg 300w\" sizes=\"(max-width: 600px) 100vw, 600px\" \/>\t\t\t\t\t\t\t\t\t\t\t\t\t\t\t<\/div>\n\t\t\t\t<\/div>\n\t\t\t\t\t<\/div>\n\t\t<\/div>\n\t\t\t\t<div class=\"elementor-column elementor-col-50 elementor-top-column elementor-element elementor-element-48a6a2f5\" data-id=\"48a6a2f5\" data-element_type=\"column\" data-e-type=\"column\">\n\t\t\t<div class=\"elementor-widget-wrap elementor-element-populated\">\n\t\t\t\t\t\t<div class=\"elementor-element elementor-element-658e03b8 elementor-widget elementor-widget-text-editor\" data-id=\"658e03b8\" data-element_type=\"widget\" data-e-type=\"widget\" data-widget_type=\"text-editor.default\">\n\t\t\t\t<div class=\"elementor-widget-container\">\n\t\t\t\t\t\t\t\t\t<p><span style=\"color: var( --e-global-color-text ); font-family: var( --e-global-typography-text-font-family ), Sans-serif; font-weight: var( --e-global-typography-text-font-weight ); font-size: 1rem;\">[POSIZIONAMENTO \/ BRANDING]<\/span><\/p><p>&#8220;Duis aute irure dolor in reprehenderit in voluptate velit esse cillum dolore eu fugiat nulla pariatur. Excepteur sint occaecat cupidatat non proident, sunt in culpa qui officia deserunt mollit anim id est laborum.<\/p><p>Sed ut perspiciatis unde omnis iste natus error sit voluptatem accusantium doloremque laudantium, totam rem aperiam, eaque ipsa quae ab illo inventore veritatis et quasi architecto beatae vitae dicta sunt explicabo.<\/p>\t\t\t\t\t\t\t\t<\/div>\n\t\t\t\t<\/div>\n\t\t\t\t\t<\/div>\n\t\t<\/div>\n\t\t\t\t\t<\/div>\n\t\t<\/section>\n\t\t\t\t<section class=\"elementor-section elementor-top-section elementor-element elementor-element-7b9f8266 elementor-section-content-middle elementor-section-boxed elementor-section-height-default elementor-section-height-default\" data-id=\"7b9f8266\" data-element_type=\"section\" data-e-type=\"section\">\n\t\t\t\t\t\t<div class=\"elementor-container elementor-column-gap-wider\">\n\t\t\t\t\t<div class=\"elementor-column elementor-col-50 elementor-top-column elementor-element elementor-element-1d6e68a6\" data-id=\"1d6e68a6\" data-element_type=\"column\" data-e-type=\"column\">\n\t\t\t<div class=\"elementor-widget-wrap elementor-element-populated\">\n\t\t\t\t\t\t<div class=\"elementor-element elementor-element-214c2587 elementor-widget elementor-widget-heading\" data-id=\"214c2587\" data-element_type=\"widget\" data-e-type=\"widget\" data-widget_type=\"heading.default\">\n\t\t\t\t<div class=\"elementor-widget-container\">\n\t\t\t\t\t<h2 class=\"elementor-heading-title elementor-size-default\">Risorse<\/h2>\t\t\t\t<\/div>\n\t\t\t\t<\/div>\n\t\t\t\t<div class=\"elementor-element elementor-element-54a40df0 elementor-widget elementor-widget-text-editor\" data-id=\"54a40df0\" data-element_type=\"widget\" data-e-type=\"widget\" data-widget_type=\"text-editor.default\">\n\t\t\t\t<div class=\"elementor-widget-container\">\n\t\t\t\t\t\t\t\t\t<p>[LINK UTILI]<\/p><p>Lorem ipsum dolor sit amet, consectetur adipiscing elit, sed do eiusmod tempor incididunt ut labore et dolore magna aliqua.<\/p><ul><li>Link utile 1 (ES. articolo)<\/li><li>Link utile 2 (ES. canale YouTube)<\/li><li>Link utile 3 (ES. pagina &#8220;lavora con me&#8221;)<\/li><\/ul>\t\t\t\t\t\t\t\t<\/div>\n\t\t\t\t<\/div>\n\t\t\t\t\t<\/div>\n\t\t<\/div>\n\t\t\t\t<div class=\"elementor-column elementor-col-50 elementor-top-column elementor-element elementor-element-7e39d8c1 elementor-hidden-mobile\" data-id=\"7e39d8c1\" data-element_type=\"column\" data-e-type=\"column\">\n\t\t\t<div class=\"elementor-widget-wrap elementor-element-populated\">\n\t\t\t\t\t\t<div class=\"elementor-element elementor-element-4ada8e16 elementor-widget elementor-widget-image\" data-id=\"4ada8e16\" data-element_type=\"widget\" data-e-type=\"widget\" data-widget_type=\"image.default\">\n\t\t\t\t<div class=\"elementor-widget-container\">\n\t\t\t\t\t\t\t\t\t\t\t\t\t\t\t<img decoding=\"async\" width=\"600\" height=\"338\" src=\"https:\/\/verbamagica.com\/wp-content\/uploads\/2024\/03\/Immagine-esempio-.-About.jpg\" class=\"attachment-large size-large wp-image-37\" alt=\"\" srcset=\"https:\/\/verbamagica.com\/wp-content\/uploads\/2024\/03\/Immagine-esempio-.-About.jpg 600w, https:\/\/verbamagica.com\/wp-content\/uploads\/2024\/03\/Immagine-esempio-.-About-300x169.jpg 300w\" sizes=\"(max-width: 600px) 100vw, 600px\" \/>\t\t\t\t\t\t\t\t\t\t\t\t\t\t\t<\/div>\n\t\t\t\t<\/div>\n\t\t\t\t\t<\/div>\n\t\t<\/div>\n\t\t\t\t\t<\/div>\n\t\t<\/section>\n\t\t\t\t<section class=\"elementor-section elementor-top-section elementor-element elementor-element-716d1109 elementor-section-boxed elementor-section-height-default elementor-section-height-default\" data-id=\"716d1109\" data-element_type=\"section\" data-e-type=\"section\">\n\t\t\t\t\t\t\t<div class=\"elementor-background-overlay\"><\/div>\n\t\t\t\t\t\t\t<div class=\"elementor-container elementor-column-gap-default\">\n\t\t\t\t\t<div class=\"elementor-column elementor-col-100 elementor-top-column elementor-element elementor-element-4f5b03df\" data-id=\"4f5b03df\" data-element_type=\"column\" data-e-type=\"column\">\n\t\t\t<div class=\"elementor-widget-wrap elementor-element-populated\">\n\t\t\t\t\t\t<div class=\"elementor-element elementor-element-6eb17386 elementor-widget elementor-widget-heading\" data-id=\"6eb17386\" data-element_type=\"widget\" data-e-type=\"widget\" data-widget_type=\"heading.default\">\n\t\t\t\t<div class=\"elementor-widget-container\">\n\t\t\t\t\t<h2 class=\"elementor-heading-title elementor-size-default\">Come [TRASFORMAZIONE] tramite [MEZZO]<\/h2>\t\t\t\t<\/div>\n\t\t\t\t<\/div>\n\t\t\t\t<div class=\"elementor-element elementor-element-63907508 elementor-widget elementor-widget-heading\" data-id=\"63907508\" data-element_type=\"widget\" data-e-type=\"widget\" data-widget_type=\"heading.default\">\n\t\t\t\t<div class=\"elementor-widget-container\">\n\t\t\t\t\t<h2 class=\"elementor-heading-title elementor-size-default\">Senza [PROBLEMA 1], [(opzionale) PROBLEMA 2], [(opzionale)PROBLEMA 3]\n<\/h2>\t\t\t\t<\/div>\n\t\t\t\t<\/div>\n\t\t\t\t<section class=\"elementor-section elementor-inner-section elementor-element elementor-element-1d77ff63 elementor-section-content-middle elementor-section-boxed elementor-section-height-default elementor-section-height-default\" data-id=\"1d77ff63\" data-element_type=\"section\" data-e-type=\"section\">\n\t\t\t\t\t\t<div class=\"elementor-container elementor-column-gap-default\">\n\t\t\t\t\t<div class=\"elementor-column elementor-col-50 elementor-inner-column elementor-element elementor-element-471b8113\" data-id=\"471b8113\" data-element_type=\"column\" data-e-type=\"column\">\n\t\t\t<div class=\"elementor-widget-wrap elementor-element-populated\">\n\t\t\t\t\t\t<div class=\"elementor-element elementor-element-4159d098 elementor-align-start elementor-icon-list--layout-traditional elementor-list-item-link-full_width elementor-widget elementor-widget-icon-list\" data-id=\"4159d098\" data-element_type=\"widget\" data-e-type=\"widget\" data-widget_type=\"icon-list.default\">\n\t\t\t\t<div class=\"elementor-widget-container\">\n\t\t\t\t\t\t\t<ul class=\"elementor-icon-list-items\">\n\t\t\t\t\t\t\t<li class=\"elementor-icon-list-item\">\n\t\t\t\t\t\t\t\t\t\t\t<span class=\"elementor-icon-list-icon\">\n\t\t\t\t\t\t\t<i aria-hidden=\"true\" class=\"fas fa-check-circle\"><\/i>\t\t\t\t\t\t<\/span>\n\t\t\t\t\t\t\t\t\t\t<span class=\"elementor-icon-list-text\">Primo punto di cui parlerai nel video (es. \"Come creare una Squeeze Page in 3 minuti e senza competenze tecniche\")<\/span>\n\t\t\t\t\t\t\t\t\t<\/li>\n\t\t\t\t\t\t\t\t<li class=\"elementor-icon-list-item\">\n\t\t\t\t\t\t\t\t\t\t\t<span class=\"elementor-icon-list-icon\">\n\t\t\t\t\t\t\t<i aria-hidden=\"true\" class=\"fas fa-check-circle\"><\/i>\t\t\t\t\t\t<\/span>\n\t\t\t\t\t\t\t\t\t\t<span class=\"elementor-icon-list-text\">Secondo punto di cui parlerai nel video (es.\"Le due bevande ritenute salutari... che se assunte contemporaneamente danneggiano i reni!\")<\/span>\n\t\t\t\t\t\t\t\t\t<\/li>\n\t\t\t\t\t\t\t\t<li class=\"elementor-icon-list-item\">\n\t\t\t\t\t\t\t\t\t\t\t<span class=\"elementor-icon-list-icon\">\n\t\t\t\t\t\t\t<i aria-hidden=\"true\" class=\"fas fa-check-circle\"><\/i>\t\t\t\t\t\t<\/span>\n\t\t\t\t\t\t\t\t\t\t<span class=\"elementor-icon-list-text\">Terzo punto di cui parlerai nel video (es. \"L'unico vero metodo naturale per ridurre la cellulite\")<\/span>\n\t\t\t\t\t\t\t\t\t<\/li>\n\t\t\t\t\t\t<\/ul>\n\t\t\t\t\t\t<\/div>\n\t\t\t\t<\/div>\n\t\t\t\t\t<\/div>\n\t\t<\/div>\n\t\t\t\t<div class=\"elementor-column elementor-col-50 elementor-inner-column elementor-element elementor-element-4ccecb99\" data-id=\"4ccecb99\" data-element_type=\"column\" data-e-type=\"column\">\n\t\t\t<div class=\"elementor-widget-wrap elementor-element-populated\">\n\t\t\t\t\t\t<div class=\"elementor-element elementor-element-4d7175ae elementor-widget elementor-widget-image\" data-id=\"4d7175ae\" data-element_type=\"widget\" data-e-type=\"widget\" data-widget_type=\"image.default\">\n\t\t\t\t<div class=\"elementor-widget-container\">\n\t\t\t\t\t\t\t\t\t\t\t\t\t\t\t\t<a href=\"#elementor-action%3Aaction%3Dpopup%3Aopen%26settings%3DeyJpZCI6NjIsInRvZ2dsZSI6ZmFsc2V9\">\n\t\t\t\t\t\t\t<img decoding=\"async\" width=\"800\" height=\"532\" src=\"https:\/\/verbamagica.com\/wp-content\/uploads\/2024\/03\/Video-gratuito-Featured.jpg\" class=\"attachment-large size-large wp-image-16\" alt=\"\" srcset=\"https:\/\/verbamagica.com\/wp-content\/uploads\/2024\/03\/Video-gratuito-Featured.jpg 1000w, https:\/\/verbamagica.com\/wp-content\/uploads\/2024\/03\/Video-gratuito-Featured-300x200.jpg 300w, https:\/\/verbamagica.com\/wp-content\/uploads\/2024\/03\/Video-gratuito-Featured-768x511.jpg 768w\" sizes=\"(max-width: 800px) 100vw, 800px\" \/>\t\t\t\t\t\t\t\t<\/a>\n\t\t\t\t\t\t\t\t\t\t\t\t\t\t\t<\/div>\n\t\t\t\t<\/div>\n\t\t\t\t<div class=\"elementor-element elementor-element-2df8e275 elementor-align-center elementor-widget elementor-widget-button\" data-id=\"2df8e275\" data-element_type=\"widget\" data-e-type=\"widget\" data-widget_type=\"button.default\">\n\t\t\t\t<div class=\"elementor-widget-container\">\n\t\t\t\t\t\t\t\t\t<div class=\"elementor-button-wrapper\">\n\t\t\t\t\t<a class=\"elementor-button elementor-button-link elementor-size-xl\" href=\"#elementor-action%3Aaction%3Dpopup%3Aopen%26settings%3DeyJpZCI6NjIsInRvZ2dsZSI6ZmFsc2V9\">\n\t\t\t\t\t\t<span class=\"elementor-button-content-wrapper\">\n\t\t\t\t\t\t\t\t\t<span class=\"elementor-button-text\">GUARDA IL VIDEO<\/span>\n\t\t\t\t\t<\/span>\n\t\t\t\t\t<\/a>\n\t\t\t\t<\/div>\n\t\t\t\t\t\t\t\t<\/div>\n\t\t\t\t<\/div>\n\t\t\t\t\t<\/div>\n\t\t<\/div>\n\t\t\t\t\t<\/div>\n\t\t<\/section>\n\t\t\t\t\t<\/div>\n\t\t<\/div>\n\t\t\t\t\t<\/div>\n\t\t<\/section>\n\t\t\t\t<\/div>\n\t\t","protected":false},"excerpt":{"rendered":"<p>Cos&#8217;\u00e8 Verba Magica Nel cuore pulsante di &#8220;Verba Magica&#8221;, giace un concetto semplice ma profondamente potente: le parole hanno magia. Il nome stesso, &#8220;Verba Magica&#8221;, \u00e8 un omaggio alla forza incantata della scrittura, traducendosi letteralmente dal latino in &#8220;Parole Magiche&#8221;. Qui, crediamo fermamente che attraverso la scrittura, possiamo non solo esprimere ci\u00f2 che \u00e8 nascosto [&hellip;]<\/p>\n","protected":false},"author":1,"featured_media":0,"parent":0,"menu_order":0,"comment_status":"closed","ping_status":"closed","template":"elementor_header_footer","meta":{"footnotes":""},"class_list":["post-81","page","type-page","status-publish","hentry"],"yoast_head":"<!-- This site is optimized with the Yoast SEO plugin v27.5 - https:\/\/yoast.com\/product\/yoast-seo-wordpress\/ -->\n<title>About - Verba Magica<\/title>\n<meta name=\"robots\" content=\"index, follow, max-snippet:-1, max-image-preview:large, max-video-preview:-1\" \/>\n<link rel=\"canonical\" href=\"https:\/\/verbamagica.com\/index.php\/about\/\" \/>\n<meta property=\"og:locale\" content=\"en_US\" \/>\n<meta property=\"og:type\" content=\"article\" \/>\n<meta property=\"og:title\" content=\"About - Verba Magica\" \/>\n<meta property=\"og:description\" content=\"Cos&#8217;\u00e8 Verba Magica Nel cuore pulsante di &#8220;Verba Magica&#8221;, giace un concetto semplice ma profondamente potente: le parole hanno magia. Il nome stesso, &#8220;Verba Magica&#8221;, \u00e8 un omaggio alla forza incantata della scrittura, traducendosi letteralmente dal latino in &#8220;Parole Magiche&#8221;. Qui, crediamo fermamente che attraverso la scrittura, possiamo non solo esprimere ci\u00f2 che \u00e8 nascosto [&hellip;]\" \/>\n<meta property=\"og:url\" content=\"https:\/\/verbamagica.com\/index.php\/about\/\" \/>\n<meta property=\"og:site_name\" content=\"Verba Magica\" \/>\n<meta property=\"article:modified_time\" content=\"2024-03-08T22:45:06+00:00\" \/>\n<meta property=\"og:image\" content=\"https:\/\/verbamagica.com\/wp-content\/uploads\/2024\/03\/ce7536fb-4140-4d89-a402-a8947175e810.jpeg\" \/>\n<meta name=\"twitter:card\" content=\"summary_large_image\" \/>\n<meta name=\"twitter:label1\" content=\"Est. reading time\" \/>\n\t<meta name=\"twitter:data1\" content=\"1 minute\" \/>\n<script type=\"application\/ld+json\" class=\"yoast-schema-graph\">{\"@context\":\"https:\\\/\\\/schema.org\",\"@graph\":[{\"@type\":\"WebPage\",\"@id\":\"https:\\\/\\\/verbamagica.com\\\/index.php\\\/about\\\/\",\"url\":\"https:\\\/\\\/verbamagica.com\\\/index.php\\\/about\\\/\",\"name\":\"About - Verba Magica\",\"isPartOf\":{\"@id\":\"https:\\\/\\\/verbamagica.com\\\/#website\"},\"primaryImageOfPage\":{\"@id\":\"https:\\\/\\\/verbamagica.com\\\/index.php\\\/about\\\/#primaryimage\"},\"image\":{\"@id\":\"https:\\\/\\\/verbamagica.com\\\/index.php\\\/about\\\/#primaryimage\"},\"thumbnailUrl\":\"https:\\\/\\\/verbamagica.com\\\/wp-content\\\/uploads\\\/2024\\\/03\\\/ce7536fb-4140-4d89-a402-a8947175e810.jpeg\",\"datePublished\":\"2024-03-08T08:28:24+00:00\",\"dateModified\":\"2024-03-08T22:45:06+00:00\",\"breadcrumb\":{\"@id\":\"https:\\\/\\\/verbamagica.com\\\/index.php\\\/about\\\/#breadcrumb\"},\"inLanguage\":\"en-US\",\"potentialAction\":[{\"@type\":\"ReadAction\",\"target\":[\"https:\\\/\\\/verbamagica.com\\\/index.php\\\/about\\\/\"]}]},{\"@type\":\"ImageObject\",\"inLanguage\":\"en-US\",\"@id\":\"https:\\\/\\\/verbamagica.com\\\/index.php\\\/about\\\/#primaryimage\",\"url\":\"https:\\\/\\\/verbamagica.com\\\/wp-content\\\/uploads\\\/2024\\\/03\\\/ce7536fb-4140-4d89-a402-a8947175e810.jpeg\",\"contentUrl\":\"https:\\\/\\\/verbamagica.com\\\/wp-content\\\/uploads\\\/2024\\\/03\\\/ce7536fb-4140-4d89-a402-a8947175e810.jpeg\",\"width\":1024,\"height\":1024},{\"@type\":\"BreadcrumbList\",\"@id\":\"https:\\\/\\\/verbamagica.com\\\/index.php\\\/about\\\/#breadcrumb\",\"itemListElement\":[{\"@type\":\"ListItem\",\"position\":1,\"name\":\"Home\",\"item\":\"https:\\\/\\\/verbamagica.com\\\/\"},{\"@type\":\"ListItem\",\"position\":2,\"name\":\"About\"}]},{\"@type\":\"WebSite\",\"@id\":\"https:\\\/\\\/verbamagica.com\\\/#website\",\"url\":\"https:\\\/\\\/verbamagica.com\\\/\",\"name\":\"Verba Magica\",\"description\":\"Sblocca il tuo potenziale creativo\",\"publisher\":{\"@id\":\"https:\\\/\\\/verbamagica.com\\\/#organization\"},\"potentialAction\":[{\"@type\":\"SearchAction\",\"target\":{\"@type\":\"EntryPoint\",\"urlTemplate\":\"https:\\\/\\\/verbamagica.com\\\/?s={search_term_string}\"},\"query-input\":{\"@type\":\"PropertyValueSpecification\",\"valueRequired\":true,\"valueName\":\"search_term_string\"}}],\"inLanguage\":\"en-US\"},{\"@type\":\"Organization\",\"@id\":\"https:\\\/\\\/verbamagica.com\\\/#organization\",\"name\":\"Verba Magica\",\"url\":\"https:\\\/\\\/verbamagica.com\\\/\",\"logo\":{\"@type\":\"ImageObject\",\"inLanguage\":\"en-US\",\"@id\":\"https:\\\/\\\/verbamagica.com\\\/#\\\/schema\\\/logo\\\/image\\\/\",\"url\":\"https:\\\/\\\/verbamagica.com\\\/wp-content\\\/uploads\\\/2024\\\/03\\\/verba-magica-header.jpg\",\"contentUrl\":\"https:\\\/\\\/verbamagica.com\\\/wp-content\\\/uploads\\\/2024\\\/03\\\/verba-magica-header.jpg\",\"width\":600,\"height\":200,\"caption\":\"Verba Magica\"},\"image\":{\"@id\":\"https:\\\/\\\/verbamagica.com\\\/#\\\/schema\\\/logo\\\/image\\\/\"}}]}<\/script>\n<!-- \/ Yoast SEO plugin. -->","yoast_head_json":{"title":"About - Verba Magica","robots":{"index":"index","follow":"follow","max-snippet":"max-snippet:-1","max-image-preview":"max-image-preview:large","max-video-preview":"max-video-preview:-1"},"canonical":"https:\/\/verbamagica.com\/index.php\/about\/","og_locale":"en_US","og_type":"article","og_title":"About - Verba Magica","og_description":"Cos&#8217;\u00e8 Verba Magica Nel cuore pulsante di &#8220;Verba Magica&#8221;, giace un concetto semplice ma profondamente potente: le parole hanno magia. Il nome stesso, &#8220;Verba Magica&#8221;, \u00e8 un omaggio alla forza incantata della scrittura, traducendosi letteralmente dal latino in &#8220;Parole Magiche&#8221;. Qui, crediamo fermamente che attraverso la scrittura, possiamo non solo esprimere ci\u00f2 che \u00e8 nascosto [&hellip;]","og_url":"https:\/\/verbamagica.com\/index.php\/about\/","og_site_name":"Verba Magica","article_modified_time":"2024-03-08T22:45:06+00:00","og_image":[{"url":"https:\/\/verbamagica.com\/wp-content\/uploads\/2024\/03\/ce7536fb-4140-4d89-a402-a8947175e810.jpeg","type":"","width":"","height":""}],"twitter_card":"summary_large_image","twitter_misc":{"Est. reading time":"1 minute"},"schema":{"@context":"https:\/\/schema.org","@graph":[{"@type":"WebPage","@id":"https:\/\/verbamagica.com\/index.php\/about\/","url":"https:\/\/verbamagica.com\/index.php\/about\/","name":"About - Verba Magica","isPartOf":{"@id":"https:\/\/verbamagica.com\/#website"},"primaryImageOfPage":{"@id":"https:\/\/verbamagica.com\/index.php\/about\/#primaryimage"},"image":{"@id":"https:\/\/verbamagica.com\/index.php\/about\/#primaryimage"},"thumbnailUrl":"https:\/\/verbamagica.com\/wp-content\/uploads\/2024\/03\/ce7536fb-4140-4d89-a402-a8947175e810.jpeg","datePublished":"2024-03-08T08:28:24+00:00","dateModified":"2024-03-08T22:45:06+00:00","breadcrumb":{"@id":"https:\/\/verbamagica.com\/index.php\/about\/#breadcrumb"},"inLanguage":"en-US","potentialAction":[{"@type":"ReadAction","target":["https:\/\/verbamagica.com\/index.php\/about\/"]}]},{"@type":"ImageObject","inLanguage":"en-US","@id":"https:\/\/verbamagica.com\/index.php\/about\/#primaryimage","url":"https:\/\/verbamagica.com\/wp-content\/uploads\/2024\/03\/ce7536fb-4140-4d89-a402-a8947175e810.jpeg","contentUrl":"https:\/\/verbamagica.com\/wp-content\/uploads\/2024\/03\/ce7536fb-4140-4d89-a402-a8947175e810.jpeg","width":1024,"height":1024},{"@type":"BreadcrumbList","@id":"https:\/\/verbamagica.com\/index.php\/about\/#breadcrumb","itemListElement":[{"@type":"ListItem","position":1,"name":"Home","item":"https:\/\/verbamagica.com\/"},{"@type":"ListItem","position":2,"name":"About"}]},{"@type":"WebSite","@id":"https:\/\/verbamagica.com\/#website","url":"https:\/\/verbamagica.com\/","name":"Verba Magica","description":"Sblocca il tuo potenziale creativo","publisher":{"@id":"https:\/\/verbamagica.com\/#organization"},"potentialAction":[{"@type":"SearchAction","target":{"@type":"EntryPoint","urlTemplate":"https:\/\/verbamagica.com\/?s={search_term_string}"},"query-input":{"@type":"PropertyValueSpecification","valueRequired":true,"valueName":"search_term_string"}}],"inLanguage":"en-US"},{"@type":"Organization","@id":"https:\/\/verbamagica.com\/#organization","name":"Verba Magica","url":"https:\/\/verbamagica.com\/","logo":{"@type":"ImageObject","inLanguage":"en-US","@id":"https:\/\/verbamagica.com\/#\/schema\/logo\/image\/","url":"https:\/\/verbamagica.com\/wp-content\/uploads\/2024\/03\/verba-magica-header.jpg","contentUrl":"https:\/\/verbamagica.com\/wp-content\/uploads\/2024\/03\/verba-magica-header.jpg","width":600,"height":200,"caption":"Verba Magica"},"image":{"@id":"https:\/\/verbamagica.com\/#\/schema\/logo\/image\/"}}]}},"_links":{"self":[{"href":"https:\/\/verbamagica.com\/index.php\/wp-json\/wp\/v2\/pages\/81","targetHints":{"allow":["GET"]}}],"collection":[{"href":"https:\/\/verbamagica.com\/index.php\/wp-json\/wp\/v2\/pages"}],"about":[{"href":"https:\/\/verbamagica.com\/index.php\/wp-json\/wp\/v2\/types\/page"}],"author":[{"embeddable":true,"href":"https:\/\/verbamagica.com\/index.php\/wp-json\/wp\/v2\/users\/1"}],"replies":[{"embeddable":true,"href":"https:\/\/verbamagica.com\/index.php\/wp-json\/wp\/v2\/comments?post=81"}],"version-history":[{"count":16,"href":"https:\/\/verbamagica.com\/index.php\/wp-json\/wp\/v2\/pages\/81\/revisions"}],"predecessor-version":[{"id":193,"href":"https:\/\/verbamagica.com\/index.php\/wp-json\/wp\/v2\/pages\/81\/revisions\/193"}],"wp:attachment":[{"href":"https:\/\/verbamagica.com\/index.php\/wp-json\/wp\/v2\/media?parent=81"}],"curies":[{"name":"wp","href":"https:\/\/api.w.org\/{rel}","templated":true}]}}