{"id":78,"date":"2024-03-08T09:28:24","date_gmt":"2024-03-08T08:28:24","guid":{"rendered":"https:\/\/verbamagica.com\/index.php\/blog\/"},"modified":"2024-03-08T09:28:38","modified_gmt":"2024-03-08T08:28:38","slug":"blog","status":"publish","type":"page","link":"https:\/\/verbamagica.com\/index.php\/blog\/","title":{"rendered":"Blog"},"content":{"rendered":"\t\t<div data-elementor-type=\"wp-page\" data-elementor-id=\"78\" class=\"elementor elementor-78\" data-elementor-post-type=\"page\">\n\t\t\t\t\t\t<section class=\"elementor-section elementor-top-section elementor-element elementor-element-b0bb65b elementor-section-boxed elementor-section-height-default elementor-section-height-default\" data-id=\"b0bb65b\" data-element_type=\"section\" data-e-type=\"section\">\n\t\t\t\t\t\t<div class=\"elementor-container elementor-column-gap-default\">\n\t\t\t\t\t<div class=\"elementor-column elementor-col-100 elementor-top-column elementor-element elementor-element-4945bdee\" data-id=\"4945bdee\" data-element_type=\"column\" data-e-type=\"column\">\n\t\t\t<div class=\"elementor-widget-wrap elementor-element-populated\">\n\t\t\t\t\t\t<div class=\"elementor-element elementor-element-54943892 elementor-grid-2 elementor-grid-tablet-2 elementor-grid-mobile-1 elementor-posts--thumbnail-top elementor-widget elementor-widget-posts\" data-id=\"54943892\" data-element_type=\"widget\" data-e-type=\"widget\" data-settings=\"{&quot;classic_columns&quot;:&quot;2&quot;,&quot;classic_columns_tablet&quot;:&quot;2&quot;,&quot;classic_columns_mobile&quot;:&quot;1&quot;,&quot;classic_row_gap&quot;:{&quot;unit&quot;:&quot;px&quot;,&quot;size&quot;:35,&quot;sizes&quot;:[]},&quot;classic_row_gap_tablet&quot;:{&quot;unit&quot;:&quot;px&quot;,&quot;size&quot;:&quot;&quot;,&quot;sizes&quot;:[]},&quot;classic_row_gap_mobile&quot;:{&quot;unit&quot;:&quot;px&quot;,&quot;size&quot;:&quot;&quot;,&quot;sizes&quot;:[]}}\" data-widget_type=\"posts.classic\">\n\t\t\t\t<div class=\"elementor-widget-container\">\n\t\t\t\t\t\t\t<div class=\"elementor-posts-container elementor-posts elementor-posts--skin-classic elementor-grid\">\n\t\t\t\t<article class=\"elementor-post elementor-grid-item post-325 post type-post status-publish format-standard has-post-thumbnail hentry category-blog\">\n\t\t\t\t<a class=\"elementor-post__thumbnail__link\" href=\"https:\/\/verbamagica.com\/index.php\/2024\/03\/13\/taccuino-digitale-kindle-scribe-recensione-completa\/\" tabindex=\"-1\" >\n\t\t\t<div class=\"elementor-post__thumbnail\"><img fetchpriority=\"high\" decoding=\"async\" width=\"300\" height=\"300\" src=\"https:\/\/verbamagica.com\/wp-content\/uploads\/2024\/03\/kindle-scribe7-300x300.jpg\" class=\"attachment-medium size-medium wp-image-332\" alt=\"\" srcset=\"https:\/\/verbamagica.com\/wp-content\/uploads\/2024\/03\/kindle-scribe7-300x300.jpg 300w, https:\/\/verbamagica.com\/wp-content\/uploads\/2024\/03\/kindle-scribe7-1024x1024.jpg 1024w, https:\/\/verbamagica.com\/wp-content\/uploads\/2024\/03\/kindle-scribe7-150x150.jpg 150w, https:\/\/verbamagica.com\/wp-content\/uploads\/2024\/03\/kindle-scribe7-768x768.jpg 768w, https:\/\/verbamagica.com\/wp-content\/uploads\/2024\/03\/kindle-scribe7.jpg 1500w\" sizes=\"(max-width: 300px) 100vw, 300px\" \/><\/div>\n\t\t<\/a>\n\t\t\t\t<div class=\"elementor-post__text\">\n\t\t\t\t<h3 class=\"elementor-post__title\">\n\t\t\t<a href=\"https:\/\/verbamagica.com\/index.php\/2024\/03\/13\/taccuino-digitale-kindle-scribe-recensione-completa\/\" >\n\t\t\t\tTaccuino Digitale Kindle Scribe &#8211; Recensione Completa\t\t\t<\/a>\n\t\t<\/h3>\n\t\t\t\t<div class=\"elementor-post__excerpt\">\n\t\t\t<p>Kindle + Taccuino Digitale TUTTO IN UNO! Nel panorama tecnologico odierno, emergono continuamente prodotti innovativi che promettono di rivoluzionare il nostro modo di interagire con<\/p>\n\t\t<\/div>\n\t\t\n\t\t<a class=\"elementor-post__read-more\" href=\"https:\/\/verbamagica.com\/index.php\/2024\/03\/13\/taccuino-digitale-kindle-scribe-recensione-completa\/\" aria-label=\"Read more about Taccuino Digitale Kindle Scribe &#8211; Recensione Completa\" tabindex=\"-1\" >\n\t\t\t&gt; Leggi l'articolo\t\t<\/a>\n\n\t\t\t\t<\/div>\n\t\t\t\t<\/article>\n\t\t\t\t<article class=\"elementor-post elementor-grid-item post-310 post type-post status-publish format-standard has-post-thumbnail hentry category-blog tag-guadagni tag-lavoro tag-nicchia tag-profitto tag-scrittura tag-scrittura-creativa tag-soldi\">\n\t\t\t\t<a class=\"elementor-post__thumbnail__link\" href=\"https:\/\/verbamagica.com\/index.php\/2024\/03\/12\/8-modi-per-guadagnare-scrivendo\/\" tabindex=\"-1\" >\n\t\t\t<div class=\"elementor-post__thumbnail\"><img decoding=\"async\" width=\"300\" height=\"300\" src=\"https:\/\/verbamagica.com\/wp-content\/uploads\/2024\/03\/make-money-with-writing-300x300.png\" class=\"attachment-medium size-medium wp-image-314\" alt=\"\" srcset=\"https:\/\/verbamagica.com\/wp-content\/uploads\/2024\/03\/make-money-with-writing-300x300.png 300w, https:\/\/verbamagica.com\/wp-content\/uploads\/2024\/03\/make-money-with-writing-1024x1024.png 1024w, https:\/\/verbamagica.com\/wp-content\/uploads\/2024\/03\/make-money-with-writing-150x150.png 150w, https:\/\/verbamagica.com\/wp-content\/uploads\/2024\/03\/make-money-with-writing-768x768.png 768w, https:\/\/verbamagica.com\/wp-content\/uploads\/2024\/03\/make-money-with-writing.png 1080w\" sizes=\"(max-width: 300px) 100vw, 300px\" \/><\/div>\n\t\t<\/a>\n\t\t\t\t<div class=\"elementor-post__text\">\n\t\t\t\t<h3 class=\"elementor-post__title\">\n\t\t\t<a href=\"https:\/\/verbamagica.com\/index.php\/2024\/03\/12\/8-modi-per-guadagnare-scrivendo\/\" >\n\t\t\t\t8 modi per guadagnare scrivendo\t\t\t<\/a>\n\t\t<\/h3>\n\t\t\t\t<div class=\"elementor-post__excerpt\">\n\t\t\t<p>Scopri come le tue abilit\u00e0 di scrittura nell&#8217;era digitale possono aprire porte a innumerevoli opportunit\u00e0 professionali. La tua guida per trasformare la scrittura in una fonte di guadagno concreta<\/p>\n\t\t<\/div>\n\t\t\n\t\t<a class=\"elementor-post__read-more\" href=\"https:\/\/verbamagica.com\/index.php\/2024\/03\/12\/8-modi-per-guadagnare-scrivendo\/\" aria-label=\"Read more about 8 modi per guadagnare scrivendo\" tabindex=\"-1\" >\n\t\t\t&gt; Leggi l'articolo\t\t<\/a>\n\n\t\t\t\t<\/div>\n\t\t\t\t<\/article>\n\t\t\t\t<article class=\"elementor-post elementor-grid-item post-263 post type-post status-publish format-standard has-post-thumbnail hentry category-blog\">\n\t\t\t\t<a class=\"elementor-post__thumbnail__link\" href=\"https:\/\/verbamagica.com\/index.php\/2024\/03\/11\/prova\/\" tabindex=\"-1\" >\n\t\t\t<div class=\"elementor-post__thumbnail\"><img decoding=\"async\" width=\"300\" height=\"300\" src=\"https:\/\/verbamagica.com\/wp-content\/uploads\/2024\/03\/INCIPIT-exercises-300x300.jpg\" class=\"attachment-medium size-medium wp-image-297\" alt=\"\" srcset=\"https:\/\/verbamagica.com\/wp-content\/uploads\/2024\/03\/INCIPIT-exercises-300x300.jpg 300w, https:\/\/verbamagica.com\/wp-content\/uploads\/2024\/03\/INCIPIT-exercises-150x150.jpg 150w, https:\/\/verbamagica.com\/wp-content\/uploads\/2024\/03\/INCIPIT-exercises-768x768.jpg 768w, https:\/\/verbamagica.com\/wp-content\/uploads\/2024\/03\/INCIPIT-exercises.jpg 1024w\" sizes=\"(max-width: 300px) 100vw, 300px\" \/><\/div>\n\t\t<\/a>\n\t\t\t\t<div class=\"elementor-post__text\">\n\t\t\t\t<h3 class=\"elementor-post__title\">\n\t\t\t<a href=\"https:\/\/verbamagica.com\/index.php\/2024\/03\/11\/prova\/\" >\n\t\t\t\t5 Esercizi Creativi per Scrivere un Incipit\t\t\t<\/a>\n\t\t<\/h3>\n\t\t\t\t<div class=\"elementor-post__excerpt\">\n\t\t\t<p>Scrivere un incipit coinvolgente \u00e8 essenziale per attirare l&#8217;attenzione dei lettori sin dalle prime righe. Ecco cinque esercizi creativi che possono aiutarti a esercitare la<\/p>\n\t\t<\/div>\n\t\t\n\t\t<a class=\"elementor-post__read-more\" href=\"https:\/\/verbamagica.com\/index.php\/2024\/03\/11\/prova\/\" aria-label=\"Read more about 5 Esercizi Creativi per Scrivere un Incipit\" tabindex=\"-1\" >\n\t\t\t&gt; Leggi l'articolo\t\t<\/a>\n\n\t\t\t\t<\/div>\n\t\t\t\t<\/article>\n\t\t\t\t<article class=\"elementor-post elementor-grid-item post-257 post type-post status-publish format-standard has-post-thumbnail hentry category-blog\">\n\t\t\t\t<a class=\"elementor-post__thumbnail__link\" href=\"https:\/\/verbamagica.com\/index.php\/2024\/03\/11\/scrivere-un-incipit-guida\/\" tabindex=\"-1\" >\n\t\t\t<div class=\"elementor-post__thumbnail\"><img loading=\"lazy\" decoding=\"async\" width=\"300\" height=\"300\" src=\"https:\/\/verbamagica.com\/wp-content\/uploads\/2024\/03\/scrivere-un-incipit-scrittore-concentrato-300x300.webp\" class=\"attachment-medium size-medium wp-image-289\" alt=\"\" srcset=\"https:\/\/verbamagica.com\/wp-content\/uploads\/2024\/03\/scrivere-un-incipit-scrittore-concentrato-300x300.webp 300w, https:\/\/verbamagica.com\/wp-content\/uploads\/2024\/03\/scrivere-un-incipit-scrittore-concentrato-150x150.webp 150w, https:\/\/verbamagica.com\/wp-content\/uploads\/2024\/03\/scrivere-un-incipit-scrittore-concentrato-768x768.webp 768w, https:\/\/verbamagica.com\/wp-content\/uploads\/2024\/03\/scrivere-un-incipit-scrittore-concentrato.webp 1024w\" sizes=\"(max-width: 300px) 100vw, 300px\" \/><\/div>\n\t\t<\/a>\n\t\t\t\t<div class=\"elementor-post__text\">\n\t\t\t\t<h3 class=\"elementor-post__title\">\n\t\t\t<a href=\"https:\/\/verbamagica.com\/index.php\/2024\/03\/11\/scrivere-un-incipit-guida\/\" >\n\t\t\t\tCome Scrivere un Incipit: Guida Base per Aspiranti Scrittori\t\t\t<\/a>\n\t\t<\/h3>\n\t\t\t\t<div class=\"elementor-post__excerpt\">\n\t\t\t<p>Come inizia una storia? L&#8217;incipit di una storia \u00e8 pi\u00f9 di un semplice inizio; \u00e8 il biglietto da visita del tuo racconto, il primo passo<\/p>\n\t\t<\/div>\n\t\t\n\t\t<a class=\"elementor-post__read-more\" href=\"https:\/\/verbamagica.com\/index.php\/2024\/03\/11\/scrivere-un-incipit-guida\/\" aria-label=\"Read more about Come Scrivere un Incipit: Guida Base per Aspiranti Scrittori\" tabindex=\"-1\" >\n\t\t\t&gt; Leggi l'articolo\t\t<\/a>\n\n\t\t\t\t<\/div>\n\t\t\t\t<\/article>\n\t\t\t\t<article class=\"elementor-post elementor-grid-item post-235 post type-post status-publish format-standard has-post-thumbnail hentry category-blog tag-differenze tag-scrittura-creativa tag-scrittura-tradizionale\">\n\t\t\t\t<a class=\"elementor-post__thumbnail__link\" href=\"https:\/\/verbamagica.com\/index.php\/2024\/03\/09\/scrittura-creativa-vs-tradizionale-differenze\/\" tabindex=\"-1\" >\n\t\t\t<div class=\"elementor-post__thumbnail\"><img loading=\"lazy\" decoding=\"async\" width=\"300\" height=\"171\" src=\"https:\/\/verbamagica.com\/wp-content\/uploads\/2024\/03\/scrittura-creativa-e-scrittura-tradizionale-differenze-300x171.jpg\" class=\"attachment-medium size-medium wp-image-236\" alt=\"\" srcset=\"https:\/\/verbamagica.com\/wp-content\/uploads\/2024\/03\/scrittura-creativa-e-scrittura-tradizionale-differenze-300x171.jpg 300w, https:\/\/verbamagica.com\/wp-content\/uploads\/2024\/03\/scrittura-creativa-e-scrittura-tradizionale-differenze-1024x585.jpg 1024w, https:\/\/verbamagica.com\/wp-content\/uploads\/2024\/03\/scrittura-creativa-e-scrittura-tradizionale-differenze-768x439.jpg 768w, https:\/\/verbamagica.com\/wp-content\/uploads\/2024\/03\/scrittura-creativa-e-scrittura-tradizionale-differenze-1536x878.jpg 1536w, https:\/\/verbamagica.com\/wp-content\/uploads\/2024\/03\/scrittura-creativa-e-scrittura-tradizionale-differenze.jpg 1792w\" sizes=\"(max-width: 300px) 100vw, 300px\" \/><\/div>\n\t\t<\/a>\n\t\t\t\t<div class=\"elementor-post__text\">\n\t\t\t\t<h3 class=\"elementor-post__title\">\n\t\t\t<a href=\"https:\/\/verbamagica.com\/index.php\/2024\/03\/09\/scrittura-creativa-vs-tradizionale-differenze\/\" >\n\t\t\t\tScrittura Creativa Vs Scrittura Classica: le differenze\t\t\t<\/a>\n\t\t<\/h3>\n\t\t\t\t<div class=\"elementor-post__excerpt\">\n\t\t\t<p>Scopriamo le distinzioni fondamentali tra la scrittura creativa, che valorizza la libert\u00e0, l&#8217;originalit\u00e0 e l&#8217;espressione emotiva, e la scrittura tradizionale, che si concentra sulla precisione, la struttura e la trasmissione di informazioni. Mentre la scrittura creativa permette agli autori di esplorare liberamente attraverso racconti, poesie e romanzi per evocare emozioni e riflessioni nei lettori, la scrittura tradizionale si applica a testi pi\u00f9 formali come saggi accademici e documenti ufficiali, mirando alla chiarezza e alla precisione. Queste differenze si manifestano in termini di libert\u00e0 vs struttura, finalit\u00e0, stile e linguaggio, nonch\u00e9 nel pubblico di riferimento. L&#8217;articolo conclude sottolineando che entrambi i tipi di scrittura sono vitali e la scelta tra l&#8217;uno e l&#8217;altro dipende dagli obiettivi dell&#8217;autore e dal messaggio che intende trasmettere, incoraggiando una comunicazione efficace e autentica.<\/p>\n\t\t<\/div>\n\t\t\n\t\t<a class=\"elementor-post__read-more\" href=\"https:\/\/verbamagica.com\/index.php\/2024\/03\/09\/scrittura-creativa-vs-tradizionale-differenze\/\" aria-label=\"Read more about Scrittura Creativa Vs Scrittura Classica: le differenze\" tabindex=\"-1\" >\n\t\t\t&gt; Leggi l'articolo\t\t<\/a>\n\n\t\t\t\t<\/div>\n\t\t\t\t<\/article>\n\t\t\t\t<article class=\"elementor-post elementor-grid-item post-5 post type-post status-publish format-standard has-post-thumbnail hentry category-blog\">\n\t\t\t\t<a class=\"elementor-post__thumbnail__link\" href=\"https:\/\/verbamagica.com\/index.php\/2024\/03\/07\/benvenuti-nel-cuore-pulsante-della-scrittura-creativa-online\/\" tabindex=\"-1\" >\n\t\t\t<div class=\"elementor-post__thumbnail\"><img loading=\"lazy\" decoding=\"async\" width=\"300\" height=\"300\" src=\"https:\/\/verbamagica.com\/wp-content\/uploads\/2024\/03\/7aa565b8-ff84-42ef-9d81-8e572487a956-300x300.jpeg\" class=\"attachment-medium size-medium wp-image-135\" alt=\"\" srcset=\"https:\/\/verbamagica.com\/wp-content\/uploads\/2024\/03\/7aa565b8-ff84-42ef-9d81-8e572487a956-300x300.jpeg 300w, https:\/\/verbamagica.com\/wp-content\/uploads\/2024\/03\/7aa565b8-ff84-42ef-9d81-8e572487a956-150x150.jpeg 150w, https:\/\/verbamagica.com\/wp-content\/uploads\/2024\/03\/7aa565b8-ff84-42ef-9d81-8e572487a956-768x768.jpeg 768w, https:\/\/verbamagica.com\/wp-content\/uploads\/2024\/03\/7aa565b8-ff84-42ef-9d81-8e572487a956.jpeg 1024w\" sizes=\"(max-width: 300px) 100vw, 300px\" \/><\/div>\n\t\t<\/a>\n\t\t\t\t<div class=\"elementor-post__text\">\n\t\t\t\t<h3 class=\"elementor-post__title\">\n\t\t\t<a href=\"https:\/\/verbamagica.com\/index.php\/2024\/03\/07\/benvenuti-nel-cuore-pulsante-della-scrittura-creativa-online\/\" >\n\t\t\t\tVerba Magica: il riferimento per la Scrittura Creativa online!\t\t\t<\/a>\n\t\t<\/h3>\n\t\t\t\t<div class=\"elementor-post__excerpt\">\n\t\t\t<p>&nbsp; Scrivere \u00e8 facile! Hai mai pensato che scrivere, anche un libro intero, potrebbe essere facile e divertente? Su &#8220;Verba Magica&#8221;, vogliamo mostrarti che scrivere<\/p>\n\t\t<\/div>\n\t\t\n\t\t<a class=\"elementor-post__read-more\" href=\"https:\/\/verbamagica.com\/index.php\/2024\/03\/07\/benvenuti-nel-cuore-pulsante-della-scrittura-creativa-online\/\" aria-label=\"Read more about Verba Magica: il riferimento per la Scrittura Creativa online!\" tabindex=\"-1\" >\n\t\t\t&gt; Leggi l'articolo\t\t<\/a>\n\n\t\t\t\t<\/div>\n\t\t\t\t<\/article>\n\t\t\t\t<\/div>\n\t\t\n\t\t\t\t\t\t<\/div>\n\t\t\t\t<\/div>\n\t\t\t\t\t<\/div>\n\t\t<\/div>\n\t\t\t\t\t<\/div>\n\t\t<\/section>\n\t\t\t\t<\/div>\n\t\t","protected":false},"excerpt":{"rendered":"","protected":false},"author":1,"featured_media":0,"parent":0,"menu_order":0,"comment_status":"closed","ping_status":"closed","template":"elementor_header_footer","meta":{"footnotes":""},"class_list":["post-78","page","type-page","status-publish","hentry"],"yoast_head":"<!-- This site is optimized with the Yoast SEO plugin v27.6 - https:\/\/yoast.com\/product\/yoast-seo-wordpress\/ -->\n<title>Blog - Verba Magica<\/title>\n<meta name=\"robots\" content=\"index, follow, max-snippet:-1, max-image-preview:large, max-video-preview:-1\" \/>\n<link rel=\"canonical\" href=\"https:\/\/verbamagica.com\/index.php\/blog\/\" \/>\n<meta property=\"og:locale\" content=\"en_US\" \/>\n<meta property=\"og:type\" content=\"article\" \/>\n<meta property=\"og:title\" content=\"Blog - Verba Magica\" \/>\n<meta property=\"og:url\" content=\"https:\/\/verbamagica.com\/index.php\/blog\/\" \/>\n<meta property=\"og:site_name\" content=\"Verba Magica\" \/>\n<meta property=\"article:modified_time\" content=\"2024-03-08T08:28:38+00:00\" \/>\n<meta name=\"twitter:card\" content=\"summary_large_image\" \/>\n<script type=\"application\/ld+json\" class=\"yoast-schema-graph\">{\"@context\":\"https:\\\/\\\/schema.org\",\"@graph\":[{\"@type\":\"WebPage\",\"@id\":\"https:\\\/\\\/verbamagica.com\\\/index.php\\\/blog\\\/\",\"url\":\"https:\\\/\\\/verbamagica.com\\\/index.php\\\/blog\\\/\",\"name\":\"Blog - Verba Magica\",\"isPartOf\":{\"@id\":\"https:\\\/\\\/verbamagica.com\\\/#website\"},\"datePublished\":\"2024-03-08T08:28:24+00:00\",\"dateModified\":\"2024-03-08T08:28:38+00:00\",\"breadcrumb\":{\"@id\":\"https:\\\/\\\/verbamagica.com\\\/index.php\\\/blog\\\/#breadcrumb\"},\"inLanguage\":\"en-US\",\"potentialAction\":[{\"@type\":\"ReadAction\",\"target\":[\"https:\\\/\\\/verbamagica.com\\\/index.php\\\/blog\\\/\"]}]},{\"@type\":\"BreadcrumbList\",\"@id\":\"https:\\\/\\\/verbamagica.com\\\/index.php\\\/blog\\\/#breadcrumb\",\"itemListElement\":[{\"@type\":\"ListItem\",\"position\":1,\"name\":\"Home\",\"item\":\"https:\\\/\\\/verbamagica.com\\\/\"},{\"@type\":\"ListItem\",\"position\":2,\"name\":\"Blog\"}]},{\"@type\":\"WebSite\",\"@id\":\"https:\\\/\\\/verbamagica.com\\\/#website\",\"url\":\"https:\\\/\\\/verbamagica.com\\\/\",\"name\":\"Verba Magica\",\"description\":\"Sblocca il tuo potenziale creativo\",\"publisher\":{\"@id\":\"https:\\\/\\\/verbamagica.com\\\/#organization\"},\"potentialAction\":[{\"@type\":\"SearchAction\",\"target\":{\"@type\":\"EntryPoint\",\"urlTemplate\":\"https:\\\/\\\/verbamagica.com\\\/?s={search_term_string}\"},\"query-input\":{\"@type\":\"PropertyValueSpecification\",\"valueRequired\":true,\"valueName\":\"search_term_string\"}}],\"inLanguage\":\"en-US\"},{\"@type\":\"Organization\",\"@id\":\"https:\\\/\\\/verbamagica.com\\\/#organization\",\"name\":\"Verba Magica\",\"url\":\"https:\\\/\\\/verbamagica.com\\\/\",\"logo\":{\"@type\":\"ImageObject\",\"inLanguage\":\"en-US\",\"@id\":\"https:\\\/\\\/verbamagica.com\\\/#\\\/schema\\\/logo\\\/image\\\/\",\"url\":\"https:\\\/\\\/verbamagica.com\\\/wp-content\\\/uploads\\\/2024\\\/03\\\/verba-magica-header.jpg\",\"contentUrl\":\"https:\\\/\\\/verbamagica.com\\\/wp-content\\\/uploads\\\/2024\\\/03\\\/verba-magica-header.jpg\",\"width\":600,\"height\":200,\"caption\":\"Verba Magica\"},\"image\":{\"@id\":\"https:\\\/\\\/verbamagica.com\\\/#\\\/schema\\\/logo\\\/image\\\/\"}}]}<\/script>\n<!-- \/ Yoast SEO plugin. -->","yoast_head_json":{"title":"Blog - Verba Magica","robots":{"index":"index","follow":"follow","max-snippet":"max-snippet:-1","max-image-preview":"max-image-preview:large","max-video-preview":"max-video-preview:-1"},"canonical":"https:\/\/verbamagica.com\/index.php\/blog\/","og_locale":"en_US","og_type":"article","og_title":"Blog - Verba Magica","og_url":"https:\/\/verbamagica.com\/index.php\/blog\/","og_site_name":"Verba Magica","article_modified_time":"2024-03-08T08:28:38+00:00","twitter_card":"summary_large_image","schema":{"@context":"https:\/\/schema.org","@graph":[{"@type":"WebPage","@id":"https:\/\/verbamagica.com\/index.php\/blog\/","url":"https:\/\/verbamagica.com\/index.php\/blog\/","name":"Blog - Verba Magica","isPartOf":{"@id":"https:\/\/verbamagica.com\/#website"},"datePublished":"2024-03-08T08:28:24+00:00","dateModified":"2024-03-08T08:28:38+00:00","breadcrumb":{"@id":"https:\/\/verbamagica.com\/index.php\/blog\/#breadcrumb"},"inLanguage":"en-US","potentialAction":[{"@type":"ReadAction","target":["https:\/\/verbamagica.com\/index.php\/blog\/"]}]},{"@type":"BreadcrumbList","@id":"https:\/\/verbamagica.com\/index.php\/blog\/#breadcrumb","itemListElement":[{"@type":"ListItem","position":1,"name":"Home","item":"https:\/\/verbamagica.com\/"},{"@type":"ListItem","position":2,"name":"Blog"}]},{"@type":"WebSite","@id":"https:\/\/verbamagica.com\/#website","url":"https:\/\/verbamagica.com\/","name":"Verba Magica","description":"Sblocca il tuo potenziale creativo","publisher":{"@id":"https:\/\/verbamagica.com\/#organization"},"potentialAction":[{"@type":"SearchAction","target":{"@type":"EntryPoint","urlTemplate":"https:\/\/verbamagica.com\/?s={search_term_string}"},"query-input":{"@type":"PropertyValueSpecification","valueRequired":true,"valueName":"search_term_string"}}],"inLanguage":"en-US"},{"@type":"Organization","@id":"https:\/\/verbamagica.com\/#organization","name":"Verba Magica","url":"https:\/\/verbamagica.com\/","logo":{"@type":"ImageObject","inLanguage":"en-US","@id":"https:\/\/verbamagica.com\/#\/schema\/logo\/image\/","url":"https:\/\/verbamagica.com\/wp-content\/uploads\/2024\/03\/verba-magica-header.jpg","contentUrl":"https:\/\/verbamagica.com\/wp-content\/uploads\/2024\/03\/verba-magica-header.jpg","width":600,"height":200,"caption":"Verba Magica"},"image":{"@id":"https:\/\/verbamagica.com\/#\/schema\/logo\/image\/"}}]}},"_links":{"self":[{"href":"https:\/\/verbamagica.com\/index.php\/wp-json\/wp\/v2\/pages\/78","targetHints":{"allow":["GET"]}}],"collection":[{"href":"https:\/\/verbamagica.com\/index.php\/wp-json\/wp\/v2\/pages"}],"about":[{"href":"https:\/\/verbamagica.com\/index.php\/wp-json\/wp\/v2\/types\/page"}],"author":[{"embeddable":true,"href":"https:\/\/verbamagica.com\/index.php\/wp-json\/wp\/v2\/users\/1"}],"replies":[{"embeddable":true,"href":"https:\/\/verbamagica.com\/index.php\/wp-json\/wp\/v2\/comments?post=78"}],"version-history":[{"count":4,"href":"https:\/\/verbamagica.com\/index.php\/wp-json\/wp\/v2\/pages\/78\/revisions"}],"predecessor-version":[{"id":123,"href":"https:\/\/verbamagica.com\/index.php\/wp-json\/wp\/v2\/pages\/78\/revisions\/123"}],"wp:attachment":[{"href":"https:\/\/verbamagica.com\/index.php\/wp-json\/wp\/v2\/media?parent=78"}],"curies":[{"name":"wp","href":"https:\/\/api.w.org\/{rel}","templated":true}]}}